{"id":44,"date":"2025-01-30T18:58:45","date_gmt":"2025-01-30T17:58:45","guid":{"rendered":"http:\/\/antep-wien.at\/?page_id=44"},"modified":"2025-01-30T18:58:45","modified_gmt":"2025-01-30T17:58:45","slug":"antep-baklava-in-wien-wo-tradition-auf-genuss-trifft","status":"publish","type":"page","link":"http:\/\/antep-wien.at\/?page_id=44","title":{"rendered":"Antep Baklava in Wien \u2013 Wo Tradition auf Genuss trifft"},"content":{"rendered":"\n<p>Seit 2021 bringt <strong>Antep Baklava<\/strong> die jahrhundertealte Kunst der Baklava-Herstellung nach Wien. Gegr\u00fcndet von <strong>Battal Alkan<\/strong>, einem Meister seines Handwerks, der aus einer Familie traditioneller Baklava-B\u00e4cker aus <strong>Gaziantep<\/strong> stammt, vereint dieses Caf\u00e9 die <strong>Authentizit\u00e4t osmanischer Backkunst<\/strong> mit modernem Wiener Flair.<\/p>\n\n\n\n<p>Baklava ist nicht einfach nur eine S\u00fc\u00dfspeise \u2013 es ist ein St\u00fcck <strong>gelebter Geschichte<\/strong>. Seine Wurzeln reichen zur\u00fcck bis ins Osmanische Reich, doch seine Perfektion fand es in <strong>Gaziantep<\/strong>, der Stadt, die weltweit f\u00fcr ihr einzigartiges Baklava ber\u00fchmt ist. Hier wird der hauchd\u00fcnne Teig in traditioneller Handarbeit gefertigt, mit den edelsten Pistazien gef\u00fcllt und mit feinstem Sirup veredelt. Dieses Wissen, das \u00fcber Generationen weitergegeben wurde, lebt nun in Wien weiter.<\/p>\n\n\n\n<p>Bei <strong>Antep Baklava<\/strong> erwartet Sie echter Genuss \u2013 von Hand gefertigt, mit h\u00f6chsten Qualit\u00e4tszutaten und nach alter Familientradition. Hier verschmelzen <strong>Tradition und Moderne<\/strong>, um ein unvergleichliches Geschmackserlebnis zu schaffen. Ein Bissen, und Sie schmecken die Essenz Gazianteps \u2013 mitten im Herzen Wiens.<\/p>\n","protected":false},"excerpt":{"rendered":"<p>Seit 2021 bringt Antep Baklava die jahrhundertealte Kunst der Baklava-Herstellung nach Wien. Gegr\u00fcndet von Battal Alkan, einem Meister seines Handwerks, der aus einer Familie traditioneller Baklava-B\u00e4cker aus Gaziantep stammt, vereint dieses Caf\u00e9 die Authentizit\u00e4t osmanischer Backkunst mit modernem Wiener Flair. Baklava ist nicht einfach nur eine S\u00fc\u00dfspeise \u2013 es ist ein St\u00fcck gelebter Geschichte. Seine [&hellip;]<\/p>\n","protected":false},"author":1,"featured_media":0,"parent":0,"menu_order":0,"comment_status":"closed","ping_status":"closed","template":"","meta":{"footnotes":""},"class_list":["post-44","page","type-page","status-publish","hentry"],"_links":{"self":[{"href":"http:\/\/antep-wien.at\/index.php?rest_route=\/wp\/v2\/pages\/44","targetHints":{"allow":["GET"]}}],"collection":[{"href":"http:\/\/antep-wien.at\/index.php?rest_route=\/wp\/v2\/pages"}],"about":[{"href":"http:\/\/antep-wien.at\/index.php?rest_route=\/wp\/v2\/types\/page"}],"author":[{"embeddable":true,"href":"http:\/\/antep-wien.at\/index.php?rest_route=\/wp\/v2\/users\/1"}],"replies":[{"embeddable":true,"href":"http:\/\/antep-wien.at\/index.php?rest_route=%2Fwp%2Fv2%2Fcomments&post=44"}],"version-history":[{"count":1,"href":"http:\/\/antep-wien.at\/index.php?rest_route=\/wp\/v2\/pages\/44\/revisions"}],"predecessor-version":[{"id":45,"href":"http:\/\/antep-wien.at\/index.php?rest_route=\/wp\/v2\/pages\/44\/revisions\/45"}],"wp:attachment":[{"href":"http:\/\/antep-wien.at\/index.php?rest_route=%2Fwp%2Fv2%2Fmedia&parent=44"}],"curies":[{"name":"wp","href":"https:\/\/api.w.org\/{rel}","templated":true}]}}